{"id":474,"date":"2025-09-10T19:40:33","date_gmt":"2025-09-10T19:40:33","guid":{"rendered":"https:\/\/inspiring-shamir.195-182-205-64.plesk.page\/?page_id=474"},"modified":"2025-09-19T11:51:48","modified_gmt":"2025-09-19T11:51:48","slug":"sobre-nosotros","status":"publish","type":"page","link":"https:\/\/inspiring-shamir.195-182-205-64.plesk.page\/index.php\/sobre-nosotros\/","title":{"rendered":"SOBRE NOSOTROS"},"content":{"rendered":"<p>[et_pb_section fb_built=\u00bb1&#8243; admin_label=\u00bbSecci\u00f3n &#8211; Sobre Nosotros\u00bb _builder_version=\u00bb4.27.4&#8243; _module_preset=\u00bbdefault\u00bb background_color=\u00bbrgba(0,0,0,0.4)\u00bb background_image=\u00bbhttps:\/\/inspiring-shamir.195-182-205-64.plesk.page\/wp-content\/uploads\/2025\/09\/pierre-bamin-_HymxEhaKjQ-unsplash-scaled.jpg\u00bb background_blend=\u00bbdarken\u00bb height_tablet=\u00bb\u00bb height_phone=\u00bb\u00bb height_last_edited=\u00bbon|phone\u00bb max_height_tablet=\u00bb\u00bb max_height_phone=\u00bb\u00bb max_height_last_edited=\u00bbon|phone\u00bb custom_margin=\u00bb||||false|false\u00bb custom_padding=\u00bb||126px|||\u00bb collapsed=\u00bbon\u00bb global_colors_info=\u00bb{}\u00bb][et_pb_row admin_label=\u00bbFila &#8211; Sobre nosotros\u00bb _builder_version=\u00bb4.27.4&#8243; _module_preset=\u00bbdefault\u00bb custom_margin=\u00bb||||false|false\u00bb custom_margin_tablet=\u00bb||||false|false\u00bb custom_margin_phone=\u00bb||40px||false|false\u00bb custom_margin_last_edited=\u00bbon|desktop\u00bb collapsed=\u00bbon\u00bb global_colors_info=\u00bb{}\u00bb][et_pb_column type=\u00bb4_4&#8243; _builder_version=\u00bb4.16&#8243; _module_preset=\u00bbdefault\u00bb global_colors_info=\u00bb{}\u00bb][et_pb_text admin_label=\u00bbTitulo &#8211; Sobre Nosotros\u00bb _builder_version=\u00bb4.27.4&#8243; _module_preset=\u00bbb53a70bb-9f62-4ee5-b34f-c7a321ddbf6c\u00bb text_font=\u00bb&#8211;et_global_heading_font|500|||||||\u00bb text_text_color=\u00bb#F9F6F1&#8243; header_font=\u00bb&#8211;et_global_heading_font|600|||||||\u00bb header_text_color=\u00bb#F9F6F1&#8243; header_font_size=\u00bb50px\u00bb header_line_height=\u00bb1.1em\u00bb positioning=\u00bbrelative\u00bb vertical_offset=\u00bb15px\u00bb position_origin_a_tablet=\u00bb\u00bb position_origin_a_phone=\u00bb\u00bb position_origin_a_last_edited=\u00bbon|desktop\u00bb position_origin_f_tablet=\u00bb\u00bb position_origin_f_phone=\u00bb\u00bb position_origin_f_last_edited=\u00bbon|desktop\u00bb position_origin_r_tablet=\u00bb\u00bb position_origin_r_phone=\u00bb\u00bb position_origin_r_last_edited=\u00bbon|desktop\u00bb custom_margin=\u00bb-46px||-286px|||\u00bb header_font_size_tablet=\u00bb38px\u00bb header_font_size_phone=\u00bb30px\u00bb header_font_size_last_edited=\u00bbon|phone\u00bb positioning_tablet=\u00bbrelative\u00bb positioning_phone=\u00bbrelative\u00bb positioning_last_edited=\u00bbon|desktop\u00bb global_colors_info=\u00bb{}\u00bb]<\/p>\n<h1>Conoce Manualidades Creati<\/h1>\n<p>[\/et_pb_text][et_pb_text admin_label=\u00bbSubtitulo &#8211; Sobre Nosotros\u00bb _builder_version=\u00bb4.27.4&#8243; _module_preset=\u00bb31e3fe0d-2e7d-4384-8004-edb523cff22c\u00bb text_font=\u00bb&#8211;et_global_body_font|500|||||||\u00bb text_text_color=\u00bb#000000&#8243; text_font_size=\u00bb22px\u00bb text_line_height=\u00bb1.6em\u00bb header_2_font=\u00bb&#8211;et_global_heading_font||||||||\u00bb header_2_text_color=\u00bb#F9F6F1&#8243; header_2_font_size=\u00bb28px\u00bb header_3_font=\u00bb&#8211;et_global_body_font||||||||\u00bb positioning=\u00bbrelative\u00bb vertical_offset=\u00bb95px\u00bb vertical_offset_tablet=\u00bb45px\u00bb vertical_offset_phone=\u00bb35px\u00bb vertical_offset_last_edited=\u00bbon|phone\u00bb position_origin_a_tablet=\u00bb\u00bb position_origin_a_phone=\u00bb\u00bb position_origin_a_last_edited=\u00bbon|desktop\u00bb position_origin_f_tablet=\u00bb\u00bb position_origin_f_phone=\u00bb\u00bb position_origin_f_last_edited=\u00bbon|desktop\u00bb position_origin_r_tablet=\u00bb\u00bb position_origin_r_phone=\u00bb\u00bb position_origin_r_last_edited=\u00bbon|desktop\u00bb min_height=\u00bb342px\u00bb custom_margin=\u00bb-62px||-148px|||\u00bb text_font_tablet=\u00bb&#8211;et_global_body_font|300|||||||\u00bb text_font_phone=\u00bb&#8211;et_global_body_font|300|||||||\u00bb text_font_last_edited=\u00bbon|desktop\u00bb text_font_size_tablet=\u00bb22px\u00bb text_font_size_phone=\u00bb16px\u00bb text_font_size_last_edited=\u00bbon|tablet\u00bb header_2_font_size_tablet=\u00bb25px\u00bb header_2_font_size_phone=\u00bb22px\u00bb header_2_font_size_last_edited=\u00bbon|desktop\u00bb header_3_font_size_tablet=\u00bb\u00bb header_3_font_size_phone=\u00bb20px\u00bb header_3_font_size_last_edited=\u00bbon|phone\u00bb positioning_tablet=\u00bbrelative\u00bb positioning_phone=\u00bbrelative\u00bb positioning_last_edited=\u00bbon|desktop\u00bb global_colors_info=\u00bb{}\u00bb]<\/p>\n<h2>30 a\u00f1os de creatividad en Melide, A Coru\u00f1a<\/h2>\n<p>[\/et_pb_text][et_pb_text admin_label=\u00bbTexto &#8211; Sobre Nosotros\u00bb _builder_version=\u00bb4.27.4&#8243; _module_preset=\u00bbf0cf31b9-b2e7-4752-a57c-6e2f73347b36&#8243; text_font=\u00bb&#8211;et_global_body_font|500|||||||\u00bb text_text_color=\u00bb#F9F6F1&#8243; text_font_size=\u00bb20px\u00bb text_line_height=\u00bb1.8em\u00bb positioning=\u00bbrelative\u00bb vertical_offset=\u00bb4px\u00bb vertical_offset_tablet=\u00bb-46px\u00bb vertical_offset_phone=\u00bb-86px\u00bb vertical_offset_last_edited=\u00bbon|phone\u00bb position_origin_a_tablet=\u00bb\u00bb position_origin_a_phone=\u00bb\u00bb position_origin_a_last_edited=\u00bbon|tablet\u00bb position_origin_f_tablet=\u00bb\u00bb position_origin_f_phone=\u00bb\u00bb position_origin_f_last_edited=\u00bbon|tablet\u00bb position_origin_r_tablet=\u00bb\u00bb position_origin_r_phone=\u00bb\u00bb position_origin_r_last_edited=\u00bbon|tablet\u00bb text_font_size_tablet=\u00bb16px\u00bb text_font_size_phone=\u00bb14px\u00bb text_font_size_last_edited=\u00bbon|tablet\u00bb header_font_size_tablet=\u00bb55px\u00bb header_font_size_last_edited=\u00bboff|desktop\u00bb positioning_tablet=\u00bbrelative\u00bb positioning_phone=\u00bbrelative\u00bb positioning_last_edited=\u00bbon|desktop\u00bb global_colors_info=\u00bb{}\u00bb]<\/p>\n<div id=\"meta-origin\" data-coolorigin=\"https%3A%2F%2Fcollabora.cloud.isonor.es%2Fcool%2Fclipboard%3FWOPISrc%3Dhttps%253A%252F%252Fcloud.isonor.es%252Findex.php%252Fapps%252Frichdocuments%252Fwopi%252Ffiles%252F497908_ocb8eogos8ka%26ServerId%3D3822251f%26ViewId%3D4%26Tag%3Df2c753ab4fda9906\">\n<p class=\"western\" style=\"text-align: justify;\">En Manualidades Creati llevamos m\u00e1s de tres d\u00e9cadas compartiendo nuestra pasi\u00f3n por las manualidades y la restauraci\u00f3n decorativa. Somos mucho m\u00e1s que una tienda o un taller: somos un lugar donde las ideas se hacen realidad y lo hecho a mano tiene un valor especial.<\/p>\n<p class=\"western\" style=\"text-align: justify;\">Comenzamos como un peque\u00f1o taller-tienda y hoy somos referencia en Galicia para quienes buscan aprender, crear y dar nueva vida a objetos. Recibimos alumnos y clientes de toda Galicia, atra\u00eddos por nuestro trato cercano, materiales de calidad y experiencia contrastada.<\/p>\n<\/div>\n<p>[\/et_pb_text][\/et_pb_column][\/et_pb_row][\/et_pb_section][et_pb_section fb_built=\u00bb1&#8243; admin_label=\u00bbSecci\u00f3n &#8211; Galeria\u00bb _builder_version=\u00bb4.27.4&#8243; _module_preset=\u00bbdefault\u00bb background_color=\u00bbRGBA(255,255,255,0)\u00bb custom_padding=\u00bb93px|||||\u00bb hover_enabled=\u00bb0&#8243; collapsed=\u00bbon\u00bb global_colors_info=\u00bb{}\u00bb sticky_enabled=\u00bb0&#8243;][et_pb_row admin_label=\u00bbFila &#8211; Galer\u00eda\u00bb _builder_version=\u00bb4.27.4&#8243; _module_preset=\u00bbdefault\u00bb vertical_offset_tablet=\u00bb\u00bb vertical_offset_phone=\u00bb\u00bb vertical_offset_last_edited=\u00bbon|tablet\u00bb horizontal_offset_tablet=\u00bb-6px\u00bb horizontal_offset_phone=\u00bb-6px\u00bb horizontal_offset_last_edited=\u00bbon|phone\u00bb position_origin_a_tablet=\u00bb\u00bb position_origin_a_phone=\u00bb\u00bb position_origin_a_last_edited=\u00bbon|tablet\u00bb position_origin_f_tablet=\u00bb\u00bb position_origin_f_phone=\u00bb\u00bb position_origin_f_last_edited=\u00bbon|tablet\u00bb position_origin_r_tablet=\u00bb\u00bb position_origin_r_phone=\u00bb\u00bb position_origin_r_last_edited=\u00bbon|phone\u00bb hover_enabled=\u00bb0&#8243; positioning_tablet=\u00bb\u00bb positioning_phone=\u00bb\u00bb positioning_last_edited=\u00bbon|tablet\u00bb global_colors_info=\u00bb{}\u00bb sticky_enabled=\u00bb0&#8243;][et_pb_column type=\u00bb4_4&#8243; _builder_version=\u00bb4.27.4&#8243; _module_preset=\u00bbdefault\u00bb global_colors_info=\u00bb{}\u00bb][et_pb_gallery gallery_ids=\u00bb421,899,898,134,901,903,900,904,133,905,407,416,359,423,921,922,923,993,994,995,902,409,396,189&#8243; orientation=\u00bbportrait\u00bb show_title_and_caption=\u00bboff\u00bb _builder_version=\u00bb4.27.4&#8243; _module_preset=\u00bbdefault\u00bb width_tablet=\u00bb\u00bb width_phone=\u00bb\u00bb width_last_edited=\u00bbon|desktop\u00bb hover_enabled=\u00bb0&#8243; border_radii_image=\u00bbon|6px|6px|6px|6px\u00bb border_width_all_image=\u00bb3px\u00bb border_color_all_image=\u00bbrgba(181,200,212,0.58)\u00bb global_colors_info=\u00bb{}\u00bb sticky_enabled=\u00bb0&#8243;][\/et_pb_gallery][\/et_pb_column][\/et_pb_row][\/et_pb_section][et_pb_section fb_built=\u00bb1&#8243; admin_label=\u00bbSeccion &#8211; Qu\u00e9 nos define\u00bb _builder_version=\u00bb4.27.4&#8243; _module_preset=\u00bbdefault\u00bb background_color=\u00bbrgba(0,0,0,0.48)\u00bb background_image=\u00bbhttps:\/\/inspiring-shamir.195-182-205-64.plesk.page\/wp-content\/uploads\/2025\/09\/karolina-de-costa-c-IWCh5QSGU-unsplash-scaled.jpg\u00bb background_blend=\u00bbdarken\u00bb custom_margin=\u00bb||-3px|||\u00bb custom_padding=\u00bb14px||30px|||\u00bb collapsed=\u00bbon\u00bb global_colors_info=\u00bb{}\u00bb][et_pb_row column_structure=\u00bb1_2,1_2&#8243; admin_label=\u00bbFila &#8211; Qu\u00e9 nos define\u00bb _builder_version=\u00bb4.27.4&#8243; _module_preset=\u00bbdefault\u00bb collapsed=\u00bboff\u00bb global_colors_info=\u00bb{}\u00bb][et_pb_column type=\u00bb1_2&#8243; _builder_version=\u00bb4.27.4&#8243; _module_preset=\u00bbdefault\u00bb global_colors_info=\u00bb{}\u00bb][et_pb_text admin_label=\u00bbTitulo &#8211; Qu\u00e9 nos define\u00bb _builder_version=\u00bb4.27.4&#8243; _module_preset=\u00bbdefault\u00bb text_font=\u00bb&#8211;et_global_heading_font|500|||||||\u00bb text_text_color=\u00bb#4A7879&#8243; text_font_size=\u00bb58px\u00bb header_font=\u00bb&#8211;et_global_heading_font|600|||||||\u00bb header_text_color=\u00bb#F9F6F1&#8243; header_2_font=\u00bb&#8211;et_global_heading_font||||||||\u00bb header_2_text_color=\u00bb#4A7879&#8243; header_3_font=\u00bb&#8211;et_global_heading_font||||||||\u00bb header_3_text_color=\u00bb#F9F6F1&#8243; header_3_font_size=\u00bb60px\u00bb header_4_font=\u00bb&#8211;et_global_heading_font||||||||\u00bb positioning=\u00bbrelative\u00bb vertical_offset=\u00bb146px\u00bb horizontal_offset=\u00bb-76px\u00bb vertical_offset_tablet=\u00bb55px\u00bb vertical_offset_phone=\u00bb85px\u00bb vertical_offset_last_edited=\u00bbon|tablet\u00bb horizontal_offset_tablet=\u00bb-16px\u00bb horizontal_offset_phone=\u00bb4px\u00bb horizontal_offset_last_edited=\u00bbon|desktop\u00bb position_origin_a_tablet=\u00bb\u00bb position_origin_a_phone=\u00bb\u00bb position_origin_a_last_edited=\u00bbon|desktop\u00bb position_origin_f_tablet=\u00bb\u00bb position_origin_f_phone=\u00bb\u00bb position_origin_f_last_edited=\u00bbon|desktop\u00bb position_origin_r_tablet=\u00bb\u00bb position_origin_r_phone=\u00bb\u00bb position_origin_r_last_edited=\u00bbon|desktop\u00bb text_font_tablet=\u00bb&#8211;et_global_heading_font|500|||||||\u00bb text_font_phone=\u00bb&#8211;et_global_heading_font|500|||||||\u00bb text_font_last_edited=\u00bbon|desktop\u00bb text_font_size_tablet=\u00bb58px\u00bb text_font_size_phone=\u00bb33px\u00bb text_font_size_last_edited=\u00bbon|desktop\u00bb header_3_font_size_tablet=\u00bb54px\u00bb header_3_font_size_phone=\u00bb52px\u00bb header_3_font_size_last_edited=\u00bbon|phone\u00bb positioning_tablet=\u00bbrelative\u00bb positioning_phone=\u00bbrelative\u00bb positioning_last_edited=\u00bbon|desktop\u00bb global_colors_info=\u00bb{}\u00bb]<\/p>\n<h3>\u00bfQu\u00e9 nos define?<\/h3>\n<p>[\/et_pb_text][\/et_pb_column][et_pb_column type=\u00bb1_2&#8243; _builder_version=\u00bb4.27.4&#8243; _module_preset=\u00bbdefault\u00bb global_colors_info=\u00bb{}\u00bb][et_pb_blurb use_icon=\u00bbon\u00bb font_icon=\u00bb&#xf058;||fa||400&#8243; icon_color=\u00bb#F9F6F1&#8243; icon_placement=\u00bbleft\u00bb image_icon_width=\u00bb22px\u00bb image_icon_width_tablet=\u00bb22px\u00bb image_icon_width_phone=\u00bb22px\u00bb image_icon_width_last_edited=\u00bbon|tablet\u00bb _builder_version=\u00bb4.27.4&#8243; _module_preset=\u00bbdefault\u00bb body_font=\u00bb&#8211;et_global_body_font||||||||\u00bb body_text_color=\u00bb#F9F6F1&#8243; body_font_size=\u00bb20px\u00bb body_font_size_tablet=\u00bb20px\u00bb body_font_size_phone=\u00bb16px\u00bb body_font_size_last_edited=\u00bbon|phone\u00bb global_colors_info=\u00bb{}\u00bb]<\/p>\n<p>Experiencia y confianza: m\u00e1s de tres d\u00e9cadas formando y asesorando a personas en t\u00e9cnicas creativas.<\/p>\n<p>[\/et_pb_blurb][et_pb_blurb use_icon=\u00bbon\u00bb font_icon=\u00bb&#xf058;||fa||400&#8243; icon_color=\u00bb#F9F6F1&#8243; icon_placement=\u00bbleft\u00bb image_icon_width=\u00bb22px\u00bb image_icon_width_tablet=\u00bb22px\u00bb image_icon_width_phone=\u00bb22px\u00bb image_icon_width_last_edited=\u00bbon|tablet\u00bb _builder_version=\u00bb4.27.4&#8243; _module_preset=\u00bbdefault\u00bb body_font=\u00bb&#8211;et_global_body_font||||||||\u00bb body_text_color=\u00bb#F9F6F1&#8243; body_font_size=\u00bb20px\u00bb body_font_tablet=\u00bb&#8211;et_global_body_font||||||||\u00bb body_font_phone=\u00bb&#8211;et_global_body_font||||||||\u00bb body_font_last_edited=\u00bbon|phone\u00bb body_font_size_tablet=\u00bb20px\u00bb body_font_size_phone=\u00bb16px\u00bb body_font_size_last_edited=\u00bbon|desktop\u00bb global_colors_info=\u00bb{}\u00bb]<\/p>\n<p>Enfoque pr\u00e1ctico: talleres adaptados a todos los niveles, desde principiantes hasta quienes quieren perfeccionar sus habilidades.<\/p>\n<p>[\/et_pb_blurb][et_pb_blurb use_icon=\u00bbon\u00bb font_icon=\u00bb&#xf058;||fa||400&#8243; icon_color=\u00bb#F9F6F1&#8243; icon_placement=\u00bbleft\u00bb image_icon_width=\u00bb22px\u00bb image_icon_width_tablet=\u00bb22px\u00bb image_icon_width_phone=\u00bb22px\u00bb image_icon_width_last_edited=\u00bbon|tablet\u00bb _builder_version=\u00bb4.27.4&#8243; _module_preset=\u00bbdefault\u00bb body_font=\u00bb&#8211;et_global_body_font||||||||\u00bb body_text_color=\u00bb#F9F6F1&#8243; body_font_size=\u00bb20px\u00bb body_font_size_tablet=\u00bb20px\u00bb body_font_size_phone=\u00bb16px\u00bb body_font_size_last_edited=\u00bbon|phone\u00bb global_colors_info=\u00bb{}\u00bb]<\/p>\n<p>Ambiente acogedor: un espacio donde disfrutar, relajarse y dejar volar la imaginaci\u00f3n.<\/p>\n<p>[\/et_pb_blurb][et_pb_blurb use_icon=\u00bbon\u00bb font_icon=\u00bb&#xf058;||fa||400&#8243; icon_color=\u00bb#F9F6F1&#8243; icon_placement=\u00bbleft\u00bb image_icon_width=\u00bb22px\u00bb image_icon_width_tablet=\u00bb22px\u00bb image_icon_width_phone=\u00bb22px\u00bb image_icon_width_last_edited=\u00bbon|tablet\u00bb _builder_version=\u00bb4.27.4&#8243; _module_preset=\u00bbdefault\u00bb body_font=\u00bb&#8211;et_global_body_font||||||||\u00bb body_text_color=\u00bb#F9F6F1&#8243; body_font_size=\u00bb20px\u00bb body_font_tablet=\u00bb&#8211;et_global_body_font||||||||\u00bb body_font_phone=\u00bb&#8211;et_global_body_font||||||||\u00bb body_font_last_edited=\u00bbon|phone\u00bb body_font_size_tablet=\u00bb20px\u00bb body_font_size_phone=\u00bb16px\u00bb body_font_size_last_edited=\u00bbon|desktop\u00bb global_colors_info=\u00bb{}\u00bb]<\/p>\n<p>Reconocimiento local: ganadores del Concurso de Escaparates de Nadal 2021 en Melide.<\/p>\n<p>[\/et_pb_blurb][\/et_pb_column][\/et_pb_row][\/et_pb_section][et_pb_section fb_built=\u00bb1&#8243; admin_label=\u00bbSecci\u00f3n &#8211; Qu\u00e9 hacemos\u00bb _builder_version=\u00bb4.27.4&#8243; _module_preset=\u00bbdefault\u00bb background_color=\u00bbRGBA(255,255,255,0)\u00bb custom_margin=\u00bb-1px|||||\u00bb custom_padding=\u00bb||29px|||\u00bb collapsed=\u00bbon\u00bb global_colors_info=\u00bb{}\u00bb][et_pb_row admin_label=\u00bbFila &#8211; Cabecera Qu\u00e9 hacemos\u00bb _builder_version=\u00bb4.27.4&#8243; _module_preset=\u00bbdefault\u00bb collapsed=\u00bbon\u00bb global_colors_info=\u00bb{}\u00bb][et_pb_column type=\u00bb4_4&#8243; _builder_version=\u00bb4.27.4&#8243; _module_preset=\u00bbdefault\u00bb global_colors_info=\u00bb{}\u00bb][et_pb_text admin_label=\u00bbTitulo &#8211; Qu\u00e9 hacemos\u00bb _builder_version=\u00bb4.27.4&#8243; _module_preset=\u00bbdefault\u00bb text_font=\u00bb&#8211;et_global_heading_font|500|||||||\u00bb text_text_color=\u00bb#4A7879&#8243; header_3_font=\u00bb&#8211;et_global_heading_font||||||||\u00bb header_3_text_color=\u00bb#4A7879&#8243; header_3_font_size=\u00bb40px\u00bb header_3_font_tablet=\u00bb&#8211;et_global_heading_font||||||||\u00bb header_3_font_phone=\u00bb&#8211;et_global_heading_font||||||||\u00bb header_3_font_last_edited=\u00bbon|desktop\u00bb global_colors_info=\u00bb{}\u00bb]<\/p>\n<h3>\u00bfQu\u00e9 hacemos?<\/h3>\n<p>[\/et_pb_text][et_pb_text admin_label=\u00bbSubt\u00edtulo &#8211; Qu\u00e9 hacemos\u00bb _builder_version=\u00bb4.27.4&#8243; _module_preset=\u00bbdefault\u00bb text_font=\u00bb&#8211;et_global_heading_font|500|||||||\u00bb text_font_size=\u00bb21px\u00bb positioning=\u00bbrelative\u00bb vertical_offset=\u00bb-137px\u00bb horizontal_offset=\u00bb4px\u00bb vertical_offset_tablet=\u00bb-137px\u00bb vertical_offset_phone=\u00bb-137px\u00bb vertical_offset_last_edited=\u00bbon|desktop\u00bb position_origin_a_tablet=\u00bb\u00bb position_origin_a_phone=\u00bb\u00bb position_origin_a_last_edited=\u00bbon|desktop\u00bb position_origin_f_tablet=\u00bb\u00bb position_origin_f_phone=\u00bb\u00bb position_origin_f_last_edited=\u00bbon|desktop\u00bb position_origin_r_tablet=\u00bb\u00bb position_origin_r_phone=\u00bb\u00bb position_origin_r_last_edited=\u00bbon|desktop\u00bb custom_margin=\u00bb-46px||-455px|||\u00bb text_font_size_tablet=\u00bb21px\u00bb text_font_size_phone=\u00bb21px\u00bb text_font_size_last_edited=\u00bbon|desktop\u00bb positioning_tablet=\u00bbrelative\u00bb positioning_phone=\u00bbrelative\u00bb positioning_last_edited=\u00bbon|desktop\u00bb global_colors_info=\u00bb{}\u00bb]<\/p>\n<p>En nuestro taller encontrar\u00e1s:<\/p>\n<p>[\/et_pb_text][\/et_pb_column][\/et_pb_row][et_pb_row column_structure=\u00bb1_3,1_3,1_3&#8243; admin_label=\u00bbFila &#8211; Qu\u00e9 hacemos\u00bb _builder_version=\u00bb4.27.4&#8243; _module_preset=\u00bbdefault\u00bb collapsed=\u00bboff\u00bb global_colors_info=\u00bb{}\u00bb][et_pb_column type=\u00bb1_3&#8243; _builder_version=\u00bb4.27.4&#8243; _module_preset=\u00bbdefault\u00bb global_colors_info=\u00bb{}\u00bb][et_pb_blurb use_icon=\u00bbon\u00bb font_icon=\u00bb&#xf53f;||fa||900&#8243; icon_color=\u00bb#B5C8D4&#8243; image_icon_background_color=\u00bbRGBA(255,255,255,0)\u00bb image_icon_width=\u00bb54px\u00bb image_icon_width_tablet=\u00bb54px\u00bb image_icon_width_phone=\u00bb54px\u00bb image_icon_width_last_edited=\u00bbon|desktop\u00bb admin_label=\u00bbAnuncio &#8211; Talleres\u00bb _builder_version=\u00bb4.27.4&#8243; _module_preset=\u00bbdefault\u00bb body_font=\u00bb&#8211;et_global_body_font|500|||||||\u00bb body_font_size=\u00bb17px\u00bb height=\u00bb220px\u00bb max_height=\u00bb220px\u00bb custom_padding=\u00bb15px|20px|20px|20px|false|false\u00bb body_font_tablet=\u00bb&#8211;et_global_body_font|500|||||||\u00bb body_font_phone=\u00bb&#8211;et_global_body_font|500|||||||\u00bb body_font_last_edited=\u00bbon|desktop\u00bb body_font_size_tablet=\u00bb17px\u00bb body_font_size_phone=\u00bb17px\u00bb body_font_size_last_edited=\u00bbon|desktop\u00bb border_radii=\u00bbon|8px|8px|8px|8px\u00bb border_width_all=\u00bb6px\u00bb border_color_all=\u00bb#4A7879&#8243; border_width_all_tablet=\u00bb6px\u00bb border_width_all_phone=\u00bb6px\u00bb border_width_all_last_edited=\u00bbon|desktop\u00bb global_colors_info=\u00bb{}\u00bb]<\/p>\n<p style=\"text-align: center;\"><strong>Talleres para adultos<\/strong> en restauraci\u00f3n, pintura decorativa, scrapbooking, decoupage y m\u00e1s.<\/p>\n<p>[\/et_pb_blurb][\/et_pb_column][et_pb_column type=\u00bb1_3&#8243; _builder_version=\u00bb4.27.4&#8243; _module_preset=\u00bbdefault\u00bb global_colors_info=\u00bb{}\u00bb][et_pb_blurb use_icon=\u00bbon\u00bb font_icon=\u00bb&#xf5aa;||fa||900&#8243; icon_color=\u00bb#B5C8D4&#8243; image_icon_background_color=\u00bbRGBA(255,255,255,0)\u00bb image_icon_width=\u00bb54px\u00bb image_icon_width_tablet=\u00bb54px\u00bb image_icon_width_phone=\u00bb54px\u00bb image_icon_width_last_edited=\u00bbon|desktop\u00bb admin_label=\u00bbAnuncio &#8211; Restauraci\u00f3n\u00bb _builder_version=\u00bb4.27.4&#8243; _module_preset=\u00bbdefault\u00bb body_font=\u00bb&#8211;et_global_body_font|500|||||||\u00bb body_font_size=\u00bb17px\u00bb height=\u00bb220px\u00bb height_tablet=\u00bb220px\u00bb height_phone=\u00bb220px\u00bb height_last_edited=\u00bbon|desktop\u00bb max_height=\u00bb220px\u00bb custom_padding=\u00bb15px|20px|30px|20px|false|false\u00bb body_font_tablet=\u00bb&#8211;et_global_body_font|500|||||||\u00bb body_font_phone=\u00bb&#8211;et_global_body_font|500|||||||\u00bb body_font_last_edited=\u00bbon|desktop\u00bb body_font_size_tablet=\u00bb17px\u00bb body_font_size_phone=\u00bb17px\u00bb body_font_size_last_edited=\u00bbon|desktop\u00bb border_radii=\u00bbon|8px|8px|8px|8px\u00bb border_width_all=\u00bb6px\u00bb border_color_all=\u00bb#4A7879&#8243; border_width_all_tablet=\u00bb6px\u00bb border_width_all_phone=\u00bb6px\u00bb border_width_all_last_edited=\u00bbon|desktop\u00bb global_colors_info=\u00bb{}\u00bb]<\/p>\n<p style=\"text-align: center;\"><strong>Restauraci\u00f3n decorativa<\/strong> de muebles, marcos y objetos antiguos con t\u00e9cnicas actuales como chalk paint o decapado.<\/p>\n<p>[\/et_pb_blurb][\/et_pb_column][et_pb_column type=\u00bb1_3&#8243; _builder_version=\u00bb4.27.4&#8243; _module_preset=\u00bbdefault\u00bb global_colors_info=\u00bb{}\u00bb][et_pb_blurb use_icon=\u00bbon\u00bb font_icon=\u00bb&#xe079;||divi||400&#8243; icon_color=\u00bb#B5C8D4&#8243; image_icon_background_color=\u00bbRGBA(255,255,255,0)\u00bb image_icon_width=\u00bb54px\u00bb image_icon_width_tablet=\u00bb54px\u00bb image_icon_width_phone=\u00bb54px\u00bb image_icon_width_last_edited=\u00bbon|desktop\u00bb admin_label=\u00bbAnuncio &#8211; Venta de materiales\u00bb _builder_version=\u00bb4.27.4&#8243; _module_preset=\u00bbdefault\u00bb body_font=\u00bb&#8211;et_global_body_font|500|||||||\u00bb body_font_size=\u00bb17px\u00bb height=\u00bb220px\u00bb height_tablet=\u00bb220px\u00bb height_phone=\u00bb220px\u00bb height_last_edited=\u00bbon|desktop\u00bb max_height=\u00bb220px\u00bb custom_padding=\u00bb15px|20px|30px|20px|false|false\u00bb body_font_tablet=\u00bb&#8211;et_global_body_font|500|||||||\u00bb body_font_phone=\u00bb&#8211;et_global_body_font|500|||||||\u00bb body_font_last_edited=\u00bbon|desktop\u00bb body_font_size_tablet=\u00bb17px\u00bb body_font_size_phone=\u00bb17px\u00bb body_font_size_last_edited=\u00bbon|desktop\u00bb border_radii=\u00bbon|8px|8px|8px|8px\u00bb border_width_all=\u00bb6px\u00bb border_color_all=\u00bb#4A7879&#8243; border_width_all_tablet=\u00bb6px\u00bb border_width_all_phone=\u00bb6px\u00bb border_width_all_last_edited=\u00bbon|desktop\u00bb global_colors_info=\u00bb{}\u00bb]<\/p>\n<p style=\"text-align: center;\"><strong>Venta de materiales<\/strong> para manualidades con una cuidada selecci\u00f3n de productos.<\/p>\n<p>[\/et_pb_blurb][\/et_pb_column][\/et_pb_row][\/et_pb_section]<\/p>\n","protected":false},"excerpt":{"rendered":"<p>Conoce Manualidades Creati30 a\u00f1os de creatividad en Melide, A Coru\u00f1a En Manualidades Creati llevamos m\u00e1s de tres d\u00e9cadas compartiendo nuestra pasi\u00f3n por las manualidades y la restauraci\u00f3n decorativa. Somos mucho m\u00e1s que una tienda o un taller: somos un lugar donde las ideas se hacen realidad y lo hecho a mano tiene un valor especial. [&hellip;]<\/p>\n","protected":false},"author":2,"featured_media":0,"parent":0,"menu_order":0,"comment_status":"closed","ping_status":"closed","template":"","meta":{"_et_pb_use_builder":"on","_et_pb_old_content":"","_et_gb_content_width":"","footnotes":""},"class_list":["post-474","page","type-page","status-publish","hentry"],"_links":{"self":[{"href":"https:\/\/inspiring-shamir.195-182-205-64.plesk.page\/index.php\/wp-json\/wp\/v2\/pages\/474","targetHints":{"allow":["GET"]}}],"collection":[{"href":"https:\/\/inspiring-shamir.195-182-205-64.plesk.page\/index.php\/wp-json\/wp\/v2\/pages"}],"about":[{"href":"https:\/\/inspiring-shamir.195-182-205-64.plesk.page\/index.php\/wp-json\/wp\/v2\/types\/page"}],"author":[{"embeddable":true,"href":"https:\/\/inspiring-shamir.195-182-205-64.plesk.page\/index.php\/wp-json\/wp\/v2\/users\/2"}],"replies":[{"embeddable":true,"href":"https:\/\/inspiring-shamir.195-182-205-64.plesk.page\/index.php\/wp-json\/wp\/v2\/comments?post=474"}],"version-history":[{"count":88,"href":"https:\/\/inspiring-shamir.195-182-205-64.plesk.page\/index.php\/wp-json\/wp\/v2\/pages\/474\/revisions"}],"predecessor-version":[{"id":1262,"href":"https:\/\/inspiring-shamir.195-182-205-64.plesk.page\/index.php\/wp-json\/wp\/v2\/pages\/474\/revisions\/1262"}],"wp:attachment":[{"href":"https:\/\/inspiring-shamir.195-182-205-64.plesk.page\/index.php\/wp-json\/wp\/v2\/media?parent=474"}],"curies":[{"name":"wp","href":"https:\/\/api.w.org\/{rel}","templated":true}]}}